{"id":128,"date":"2024-05-09T08:59:24","date_gmt":"2024-05-09T08:59:24","guid":{"rendered":"http:\/\/imvguillotina.local\/?page_id=128"},"modified":"2024-10-18T15:12:40","modified_gmt":"2024-10-18T15:12:40","slug":"sobre-mi","status":"publish","type":"page","link":"https:\/\/imvguillotina.com\/index.php\/sobre-mi\/","title":{"rendered":"Sobre mi"},"content":{"rendered":"\t\t<div data-elementor-type=\"wp-page\" data-elementor-id=\"128\" class=\"elementor elementor-128\">\n\t\t\t\t<div class=\"elementor-element elementor-element-9032683 e-flex e-con-boxed e-con e-parent\" data-id=\"9032683\" data-element_type=\"container\">\n\t\t\t\t\t<div class=\"e-con-inner\">\n\t\t<div class=\"elementor-element elementor-element-3e28aef4 e-con-full e-flex e-con e-child\" data-id=\"3e28aef4\" data-element_type=\"container\">\n\t\t\t\t<div class=\"elementor-element elementor-element-4e5e3683 elementor-widget__width-initial elementor-widget elementor-widget-image\" data-id=\"4e5e3683\" data-element_type=\"widget\" data-widget_type=\"image.default\">\n\t\t\t\t<div class=\"elementor-widget-container\">\n\t\t\t<style>\/*! elementor - v3.23.0 - 15-07-2024 *\/\n.elementor-widget-image{text-align:center}.elementor-widget-image a{display:inline-block}.elementor-widget-image a img[src$=\".svg\"]{width:48px}.elementor-widget-image img{vertical-align:middle;display:inline-block}<\/style>\t\t\t\t\t\t\t\t\t\t<img fetchpriority=\"high\" decoding=\"async\" width=\"735\" height=\"1024\" src=\"https:\/\/imvguillotina.com\/wp-content\/uploads\/2024\/10\/IMG_5235-735x1024.jpg\" class=\"attachment-large size-large wp-image-400\" alt=\"\" srcset=\"https:\/\/imvguillotina.com\/wp-content\/uploads\/2024\/10\/IMG_5235-735x1024.jpg 735w, https:\/\/imvguillotina.com\/wp-content\/uploads\/2024\/10\/IMG_5235-215x300.jpg 215w, https:\/\/imvguillotina.com\/wp-content\/uploads\/2024\/10\/IMG_5235-768x1069.jpg 768w, https:\/\/imvguillotina.com\/wp-content\/uploads\/2024\/10\/IMG_5235-1103x1536.jpg 1103w, https:\/\/imvguillotina.com\/wp-content\/uploads\/2024\/10\/IMG_5235-1471x2048.jpg 1471w, https:\/\/imvguillotina.com\/wp-content\/uploads\/2024\/10\/IMG_5235-scaled.jpg 1839w\" sizes=\"(max-width: 735px) 100vw, 735px\" \/>\t\t\t\t\t\t\t\t\t\t\t\t\t<\/div>\n\t\t\t\t<\/div>\n\t\t\t\t<\/div>\n\t\t<div class=\"elementor-element elementor-element-2a12b76e e-con-full e-flex e-con e-child\" data-id=\"2a12b76e\" data-element_type=\"container\">\n\t\t\t\t<div class=\"elementor-element elementor-element-4a70a6 elementor-widget elementor-widget-text-editor\" data-id=\"4a70a6\" data-element_type=\"widget\" data-widget_type=\"text-editor.default\">\n\t\t\t\t<div class=\"elementor-widget-container\">\n\t\t\t<style>\/*! elementor - v3.23.0 - 15-07-2024 *\/\n.elementor-widget-text-editor.elementor-drop-cap-view-stacked .elementor-drop-cap{background-color:#69727d;color:#fff}.elementor-widget-text-editor.elementor-drop-cap-view-framed .elementor-drop-cap{color:#69727d;border:3px solid;background-color:transparent}.elementor-widget-text-editor:not(.elementor-drop-cap-view-default) .elementor-drop-cap{margin-top:8px}.elementor-widget-text-editor:not(.elementor-drop-cap-view-default) .elementor-drop-cap-letter{width:1em;height:1em}.elementor-widget-text-editor .elementor-drop-cap{float:left;text-align:center;line-height:1;font-size:50px}.elementor-widget-text-editor .elementor-drop-cap-letter{display:inline-block}<\/style>\t\t\t\t<p>La moda siempre ha sido una de mis mayores pasiones, desde la creaci\u00f3n de estilismos hasta la fotograf\u00eda y la edici\u00f3n. Me encanta poder fusionar todo esto con la creaci\u00f3n de v\u00eddeos, donde siento que puedo construir verdaderos universos que representan fielmente cada obra que realizo. Para m\u00ed, no se trata solo de crear prendas o im\u00e1genes, sino de dar vida a mundos \u00fanicos, llenos de significado y emoci\u00f3n. Adem\u00e1s, me interesa profundamente la sostenibilidad en la industria de la moda, y me fascina transformar prendas y materiales olvidados en piezas \u00fanicas y llenas de historia.<\/p><p>No busco solo crear modas pasajeras, sino transmitir un mensaje de conciencia y belleza sostenible. Creo que el arte est\u00e1 en lo cotidiano, y me esfuerzo por hacer que mis dise\u00f1os y enfoques creativos reflejen esa idea, destacando siempre la versatilidad de los materiales y potenci\u00e1ndolos al m\u00e1ximo. Para m\u00ed, el arte es una constante investigaci\u00f3n y visualizaci\u00f3n de lo que somos, de lo que hacemos, de lo que sentimos y de lo que vemos. Cada creaci\u00f3n es un reflejo de nuestras emociones y experiencias, transformadas en algo tangible.<\/p><p>A trav\u00e9s de mis plataformas digitales, comparto mis ideas, procesos creativos y productos terminados con el objetivo de inspirar a otros a adoptar una visi\u00f3n m\u00e1s consciente y reflexiva hacia la moda y el arte. Estoy convencida de la importancia de visibilizar la parte m\u00e1s art\u00edstica de la moda y del poder de las redes sociales para difundir este mensaje a nivel global. Mi meta es seguir explorando nuevas formas de expresi\u00f3n, fusionando moda, arte, fotograf\u00eda, maquillaje y sostenibilidad para generar un impacto positivo tanto en la industria del arte como en nuestro entorno. Todo este proceso creativo ha sido, para m\u00ed, una v\u00eda de escape; una manera de canalizar el popurr\u00ed de ideas que llevo dentro, proyect\u00e1ndolo en cada una de mis creaciones.\u00a0<\/p>\t\t\t\t\t\t<\/div>\n\t\t\t\t<\/div>\n\t\t\t\t<\/div>\n\t\t\t\t\t<\/div>\n\t\t\t\t<\/div>\n\t\t<div class=\"elementor-element elementor-element-65584de e-flex e-con-boxed e-con e-parent\" data-id=\"65584de\" data-element_type=\"container\">\n\t\t\t\t\t<div class=\"e-con-inner\">\n\t\t\t\t<div class=\"elementor-element elementor-element-a24671c elementor-widget elementor-widget-image\" data-id=\"a24671c\" data-element_type=\"widget\" data-widget_type=\"image.default\">\n\t\t\t\t<div class=\"elementor-widget-container\">\n\t\t\t\t\t\t\t\t\t\t\t\t\t<img decoding=\"async\" width=\"1024\" height=\"1024\" src=\"https:\/\/imvguillotina.com\/wp-content\/uploads\/2024\/10\/Mesa-de-trabaj1111o-1-1024x1024.jpg\" class=\"attachment-large size-large wp-image-409\" alt=\"\" srcset=\"https:\/\/imvguillotina.com\/wp-content\/uploads\/2024\/10\/Mesa-de-trabaj1111o-1-1024x1024.jpg 1024w, https:\/\/imvguillotina.com\/wp-content\/uploads\/2024\/10\/Mesa-de-trabaj1111o-1-300x300.jpg 300w, https:\/\/imvguillotina.com\/wp-content\/uploads\/2024\/10\/Mesa-de-trabaj1111o-1-150x150.jpg 150w, https:\/\/imvguillotina.com\/wp-content\/uploads\/2024\/10\/Mesa-de-trabaj1111o-1-768x768.jpg 768w, https:\/\/imvguillotina.com\/wp-content\/uploads\/2024\/10\/Mesa-de-trabaj1111o-1.jpg 1080w\" sizes=\"(max-width: 1024px) 100vw, 1024px\" \/>\t\t\t\t\t\t\t\t\t\t\t\t\t<\/div>\n\t\t\t\t<\/div>\n\t\t\t\t\t<\/div>\n\t\t\t\t<\/div>\n\t\t<div class=\"elementor-element elementor-element-7521d6e e-flex e-con-boxed e-con e-parent\" data-id=\"7521d6e\" data-element_type=\"container\">\n\t\t\t\t\t<div class=\"e-con-inner\">\n\t\t\t\t<div class=\"elementor-element elementor-element-754599f elementor-widget elementor-widget-text-editor\" data-id=\"754599f\" data-element_type=\"widget\" data-widget_type=\"text-editor.default\">\n\t\t\t\t<div class=\"elementor-widget-container\">\n\t\t\t\t\t\t\t<p>La belleza est\u00e9tica es un espejismo que atrapa la mirada, pero solo al ir m\u00e1s all\u00e1 de lo superficial, el alma encuentra la aut\u00e9ntica esencia y es en esa profundidad donde mi arte busca crear un verdadero&nbsp;impacto.<\/p>\t\t\t\t\t\t<\/div>\n\t\t\t\t<\/div>\n\t\t\t\t\t<\/div>\n\t\t\t\t<\/div>\n\t\t<div class=\"elementor-element elementor-element-d8759d1 e-flex e-con-boxed e-con e-parent\" data-id=\"d8759d1\" data-element_type=\"container\">\n\t\t\t\t\t<div class=\"e-con-inner\">\n\t\t\t\t<div class=\"elementor-element elementor-element-bd2b07e elementor-widget-divider--view-line elementor-widget elementor-widget-divider\" data-id=\"bd2b07e\" data-element_type=\"widget\" data-widget_type=\"divider.default\">\n\t\t\t\t<div class=\"elementor-widget-container\">\n\t\t\t<style>\/*! elementor - v3.23.0 - 15-07-2024 *\/\n.elementor-widget-divider{--divider-border-style:none;--divider-border-width:1px;--divider-color:#0c0d0e;--divider-icon-size:20px;--divider-element-spacing:10px;--divider-pattern-height:24px;--divider-pattern-size:20px;--divider-pattern-url:none;--divider-pattern-repeat:repeat-x}.elementor-widget-divider .elementor-divider{display:flex}.elementor-widget-divider .elementor-divider__text{font-size:15px;line-height:1;max-width:95%}.elementor-widget-divider .elementor-divider__element{margin:0 var(--divider-element-spacing);flex-shrink:0}.elementor-widget-divider .elementor-icon{font-size:var(--divider-icon-size)}.elementor-widget-divider .elementor-divider-separator{display:flex;margin:0;direction:ltr}.elementor-widget-divider--view-line_icon .elementor-divider-separator,.elementor-widget-divider--view-line_text .elementor-divider-separator{align-items:center}.elementor-widget-divider--view-line_icon .elementor-divider-separator:after,.elementor-widget-divider--view-line_icon .elementor-divider-separator:before,.elementor-widget-divider--view-line_text .elementor-divider-separator:after,.elementor-widget-divider--view-line_text .elementor-divider-separator:before{display:block;content:\"\";border-block-end:0;flex-grow:1;border-block-start:var(--divider-border-width) var(--divider-border-style) var(--divider-color)}.elementor-widget-divider--element-align-left .elementor-divider .elementor-divider-separator>.elementor-divider__svg:first-of-type{flex-grow:0;flex-shrink:100}.elementor-widget-divider--element-align-left .elementor-divider-separator:before{content:none}.elementor-widget-divider--element-align-left .elementor-divider__element{margin-left:0}.elementor-widget-divider--element-align-right .elementor-divider .elementor-divider-separator>.elementor-divider__svg:last-of-type{flex-grow:0;flex-shrink:100}.elementor-widget-divider--element-align-right .elementor-divider-separator:after{content:none}.elementor-widget-divider--element-align-right .elementor-divider__element{margin-right:0}.elementor-widget-divider--element-align-start .elementor-divider .elementor-divider-separator>.elementor-divider__svg:first-of-type{flex-grow:0;flex-shrink:100}.elementor-widget-divider--element-align-start .elementor-divider-separator:before{content:none}.elementor-widget-divider--element-align-start .elementor-divider__element{margin-inline-start:0}.elementor-widget-divider--element-align-end .elementor-divider .elementor-divider-separator>.elementor-divider__svg:last-of-type{flex-grow:0;flex-shrink:100}.elementor-widget-divider--element-align-end .elementor-divider-separator:after{content:none}.elementor-widget-divider--element-align-end .elementor-divider__element{margin-inline-end:0}.elementor-widget-divider:not(.elementor-widget-divider--view-line_text):not(.elementor-widget-divider--view-line_icon) .elementor-divider-separator{border-block-start:var(--divider-border-width) var(--divider-border-style) var(--divider-color)}.elementor-widget-divider--separator-type-pattern{--divider-border-style:none}.elementor-widget-divider--separator-type-pattern.elementor-widget-divider--view-line .elementor-divider-separator,.elementor-widget-divider--separator-type-pattern:not(.elementor-widget-divider--view-line) .elementor-divider-separator:after,.elementor-widget-divider--separator-type-pattern:not(.elementor-widget-divider--view-line) .elementor-divider-separator:before,.elementor-widget-divider--separator-type-pattern:not([class*=elementor-widget-divider--view]) .elementor-divider-separator{width:100%;min-height:var(--divider-pattern-height);-webkit-mask-size:var(--divider-pattern-size) 100%;mask-size:var(--divider-pattern-size) 100%;-webkit-mask-repeat:var(--divider-pattern-repeat);mask-repeat:var(--divider-pattern-repeat);background-color:var(--divider-color);-webkit-mask-image:var(--divider-pattern-url);mask-image:var(--divider-pattern-url)}.elementor-widget-divider--no-spacing{--divider-pattern-size:auto}.elementor-widget-divider--bg-round{--divider-pattern-repeat:round}.rtl .elementor-widget-divider .elementor-divider__text{direction:rtl}.e-con-inner>.elementor-widget-divider,.e-con>.elementor-widget-divider{width:var(--container-widget-width,100%);--flex-grow:var(--container-widget-flex-grow)}<\/style>\t\t<div class=\"elementor-divider\">\n\t\t\t<span class=\"elementor-divider-separator\">\n\t\t\t\t\t\t<\/span>\n\t\t<\/div>\n\t\t\t\t<\/div>\n\t\t\t\t<\/div>\n\t\t\t\t\t<\/div>\n\t\t\t\t<\/div>\n\t\t\t\t<\/div>\n\t\t","protected":false},"excerpt":{"rendered":"<p>La moda siempre ha sido una de mis mayores pasiones, desde la creaci\u00f3n de estilismos hasta la fotograf\u00eda y la edici\u00f3n. Me encanta poder fusionar todo esto con la creaci\u00f3n de v\u00eddeos, donde siento que puedo construir verdaderos universos que representan fielmente cada obra que realizo. Para m\u00ed, no se trata solo de crear prendas [&hellip;]<\/p>\n","protected":false},"author":1,"featured_media":0,"parent":0,"menu_order":0,"comment_status":"closed","ping_status":"closed","template":"","meta":{"footnotes":""},"class_list":["post-128","page","type-page","status-publish","hentry"],"blocksy_meta":{"has_hero_section":"disabled","styles_descriptor":{"styles":{"desktop":"","tablet":"","mobile":""},"google_fonts":[],"version":6}},"_links":{"self":[{"href":"https:\/\/imvguillotina.com\/index.php\/wp-json\/wp\/v2\/pages\/128","targetHints":{"allow":["GET"]}}],"collection":[{"href":"https:\/\/imvguillotina.com\/index.php\/wp-json\/wp\/v2\/pages"}],"about":[{"href":"https:\/\/imvguillotina.com\/index.php\/wp-json\/wp\/v2\/types\/page"}],"author":[{"embeddable":true,"href":"https:\/\/imvguillotina.com\/index.php\/wp-json\/wp\/v2\/users\/1"}],"replies":[{"embeddable":true,"href":"https:\/\/imvguillotina.com\/index.php\/wp-json\/wp\/v2\/comments?post=128"}],"version-history":[{"count":6,"href":"https:\/\/imvguillotina.com\/index.php\/wp-json\/wp\/v2\/pages\/128\/revisions"}],"predecessor-version":[{"id":412,"href":"https:\/\/imvguillotina.com\/index.php\/wp-json\/wp\/v2\/pages\/128\/revisions\/412"}],"wp:attachment":[{"href":"https:\/\/imvguillotina.com\/index.php\/wp-json\/wp\/v2\/media?parent=128"}],"curies":[{"name":"wp","href":"https:\/\/api.w.org\/{rel}","templated":true}]}}